{"id":5638,"date":"2024-12-17T12:12:50","date_gmt":"2024-12-17T12:12:50","guid":{"rendered":"https:\/\/www.dreamsandelights.com\/?page_id=5638"},"modified":"2024-12-23T06:50:31","modified_gmt":"2024-12-23T06:50:31","slug":"termini-e-condizioni-2","status":"publish","type":"page","link":"https:\/\/www.dreamsandelights.com\/en\/termini-e-condizioni-2\/","title":{"rendered":"Termini &#038; Condizioni"},"content":{"rendered":"<div data-elementor-type=\"wp-page\" data-elementor-id=\"5638\" class=\"elementor elementor-5638\">\n\t\t\t\t\t\t<section class=\"elementor-section elementor-top-section elementor-element elementor-element-e8664ae elementor-section-boxed elementor-section-gap-beside-yes elementor-section-height-default elementor-section-height-default elementor-section-content-align-center elementor-section-column-vertical-align-stretch\" data-id=\"e8664ae\" data-element_type=\"section\" data-e-type=\"section\">\n\t\t\t\t\t\t<div class=\"elementor-container elementor-column-gap-extended\">\n\t\t\t\t\t<div class=\"elementor-column elementor-col-100 elementor-top-column elementor-element elementor-element-04c001d\" data-id=\"04c001d\" data-element_type=\"column\" data-e-type=\"column\">\n\t\t\t<div class=\"elementor-widget-wrap elementor-element-populated\">\n\t\t\t\t\t\t<div class=\"elementor-element elementor-element-30f67f9 elementor-widget__width-initial elementor-widget elementor-widget-heading\" data-id=\"30f67f9\" data-element_type=\"widget\" data-e-type=\"widget\" data-widget_type=\"heading.default\">\n\t\t\t\t<div class=\"elementor-widget-container\">\n\t\t\t\t\t<h2 class=\"elementor-heading-title elementor-size-default\">CONDIZIONI GENERALI DI CONTRATTO\n\n<\/h2>\t\t\t\t<\/div>\n\t\t\t\t<\/div>\n\t\t\t\t<div class=\"elementor-element elementor-element-5723872 elementor-widget elementor-widget-text-editor\" data-id=\"5723872\" data-element_type=\"widget\" data-e-type=\"widget\" data-widget_type=\"text-editor.default\">\n\t\t\t\t<div class=\"elementor-widget-container\">\n\t\t\t\t\t\t\t\t\t<p>La Propriet\u00e0 degli immobili posti in locazione breve e turistica \u00e8 qui rappresentata d Dreams and Delights di Cezza Daniela Maria: codice fiscale: CZZDLM78E66C978U, P.IVA: 03995400755 e di seguito denominata \u201cla Propriet\u00e0 o il proprietario\u201d<\/p><p>Il Cliente (di seguito anche turista-ospite-conduttore), effettuando una prenotazione tramite il sito internet www.dreamsandelights.com ovvero altra forma di prenotazione convenuta, dichiara di essere a conoscenza del contenuto del presente documento informativo e di accettare, espressamente ed inequivocabilmente, tutto quanto descritto sul sito internet della propriet\u00e0 www.dreamsandelights.com, sugli annunci pubblicati dalla propriet\u00e0 e le seguenti condizioni generali di locazione:<\/p><p>a)La prenotazione s\u2019intende effettuata, nel momento in cui perviene alla propriet\u00e0 il versamento dell\u2019acconto\/caparra, tramite bonifico bancario, carta di credito, denaro contante ovvero altra forma di pagamento concordata con la propriet\u00e0.<\/p><p>b) Il Cliente esclude espressamente qualsiasi altro e diverso utilizzo dell\u2019immobile se non quello idoneo a soddisfare esigenze abitative di natura transitoria e per esclusiva finalit\u00e0 turistica. Il Cliente esclude ogni tipo di sublocazione e\/o cessione del contratto<\/p><p>c)La disdetta del cliente pervenuta entro un termine di trenta giorni dalla data di arrivo \u00e8 gratuita purch\u00e9 comunicata tramite e-mail all\u2019indirizzo di posta elettronica presente sul sito ovvero lettera raccomandata a\/r al domicilio eletto dalla propriet\u00e0 e d\u00e0 diritto alla restituzione dell\u2019acconto\/caparra. Il Cliente potr\u00e0 altres\u00ec disdire la prenotazione, mediante raccomandata a\/r al domicilio eletto dalla propriet\u00e0 o e-mail all\u2019indirizzo di posta elettronica presente sul sito, entro un termine inferiore ai trenta giorni dalla data di arrivo. In tal caso perder\u00e0 l\u2019intero importo di quanto versato a titolo di acconto\/caparra. Nell\u2019ipotesi in cui la revoca della prenotazione intervenga in un arco temporale inferiore ai quindici giorni antecedenti la data di arrivo, il Cliente, oltre a perdere l\u2019acconto versato, sar\u00e0 tenuto a pagare alla societ\u00e0 una penale pari al 30% dell\u2019intero canone di locazione.<\/p><p>d)All\u2019arrivo il Cliente \u00e8 tenuto a presentare, alla propriet\u00e0 o ad un suo rappresentante, il voucher di prenotazione se presente, un documento d\u2019identit\u00e0 in corso di validit\u00e0 (passaporto o carta d\u2019identit\u00e0), per gli adempimenti ai sensi delle vigenti leggi e ad effettuare il pagamento del saldo. Detto pagamento deve essere effettuato interamente in denaro contante ovvero tramite POS se funzionante. Non saranno accettati, pertanto, assegni bancari o postali. In seguito, dopo aver controllato la corrispondenza dell\u2019immobile con le foto e descrizioni generiche pubblicate dalla propriet\u00e0, verr\u00e0 eventualmente sottoscritto un contratto di locazione ad uso turistico che richiamer\u00e0\u00a0<em>per relationem<\/em>\u00a0anche le presenti condizioni generali di contratto. Il proprietario, infine, rilascer\u00e0 ricevuta del saldo ricevuto se richiesta. In caso di pagamento in contanti il limite \u00e8 quello secondo la normativa vigente per ogni occupante maggiorenne che prender\u00e0 in locazione pro-quota l\u2019immobile.<\/p><p>e)Con il ritiro delle chiavi dell\u2019immobile, il Cliente diviene custode dello stesso, degli arredi e di quant\u2019altro indicato nell\u2019apposito inventario che, se fornito dal proprietario o dal suo rappresentante, provveder\u00e0 a sottoscrivere. Deterr\u00e0 l\u2019immobile con la diligenza del buon padre di famiglia e restituir\u00e0, al termine del convenuto periodo di utilizzo, le relative chiavi. Le chiavi dell\u2019immobile vengono consegnate soltanto dopo un\u2019attenta ricognizione dello stesso da parte del Cliente che pertanto dichiara, senza riserva alcuna, che non vi sono danni, che l\u2019immobile visionato corrisponde alle foto visionate sul sito www.dreamsandelights.com o altri portali internet ove sono presenti annunci della Propriet\u00e0 e che lo stesso \u00e8 di suo gradimento potendo soddisfare pienamente le proprie esigenze turistiche. Il conduttore, dunque, accetta senza riserve l\u2019immobile nello stato in cui si trova al momento della firma del contratto.\u00a0<\/p><p>f)Il Cliente accetta e ha obbligo di rispettare i giorni e gli orari di check-in e check-out come indicati nel sito www.dreamsandelights.com ovvero altri annunci pubblicati dalla Propriet\u00e0. L\u2019anticipo ovvero il ritardo rispetto agli orari indicati e convenuti comporter\u00e0 una penale a carico del Cliente pari ad euro 50,00 da trattenere sulla cauzione.<\/p><p>g)\u00c8 fatto espresso divieto per il Cliente di fumare all\u2019interno dell\u2019appartamento locato, ad esclusione dei balconi\/terrazze ove presenti.<\/p><p>h)Alla manutenzione ordinaria e straordinaria dell\u2019unit\u00e0 immobiliare locata, provveder\u00e0 la propriet\u00e0 o un suo collaboratore delegato. Pertanto, il Cliente, e chi con Lui, durante il soggiorno non potr\u00e0 manovrare o manomettere i comandi che regolano il funzionamento degli impianti (idrico, elettrico, gas, clima, ecc.) dell\u2019immobile. In caso di necessit\u00e0 dovr\u00e0 contattare la propriet\u00e0 e persona da lui delegata, la quale provveder\u00e0 nel minor tempo possibile, fermo restando l\u2019assoluto divieto di manovra dei comandi per il cliente. In caso di inosservanza di tale divieto, il Cliente verr\u00e0 ritenuto responsabile dei danni cagionati, intesi come danno emergente e lucro cessante.<\/p><p>i)La cauzione cos\u00ec come concordata deve essere versata in contanti dal Cliente all\u2019arrivo e si intende infruttifera e verr\u00e0 restituita, una volta rilevata in contraddittorio l\u2019inesistenza di danni\/o omesse riparazioni a carico del conduttore entro quattordici giorni dal termine della locazione. Accertata la presenza di danni \u00e8 diritto della Propriet\u00e0 o di un suo delegato, in caso di mancato accordo bonario, trattenere l\u2019intera somma per provvedere alla\/alle riparazione\/i, documentando adeguatamente le operazioni di riparazione e le relative spese sostenute e bonificare la restante parte (ove residuata) al Cliente. La cauzione versata non pu\u00f2 mai escludere la responsabilit\u00e0 del Cliente per il maggior danno eventualmente causato.<\/p><p>j)Il Cliente ha obbligo di tenere un comportamento consono e civilmente apprezzabile e a non arrecare disturbo, in qualunque modo, alla quiete dei vicini o ospiti delle strutture vicine. Il Cliente esonera sin da subito la Propriet\u00e0 da ogni responsabilit\u00e0 in tal senso nei confronti di terzi. Il mancato rispetto delle comuni regole di convivenza e vicinato, gli schiamazzi ovvero il disturbo della quiete pubblica comporter\u00e0\u00a0<em>ipso iure<\/em>\u00a0la risoluzione del contratto di Locazione, con allontanamento immediato del Cliente dalla struttura e la trattenuta da parte della Propriet\u00e0 dell\u2019intero importo versato dal Cliente con riserva di risarcimento per ulteriori danni.<\/p><p>k) La Propriet\u00e0 o suo rappresentante si riserva il diritto di accesso, concordato informalmente con il Cliente, al fine di effettuare operazioni di ispezione, manutenzione\/pulizie ordinaria dell\u2019immobile.<\/p><p>l) Al momento del ritiro delle chiavi il Cliente provveder\u00e0 a versare il deposito cauzionale, nella misura indicata negli annunci pubblicati inerenti la descrizione dell\u2019immobile e della locazione, a garanzia di eventuali danni che dovessero essere arrecati, nel corso del soggiorno-vacanza, all`immobile stesso, nei suoi componenti strutturali, impiantistici, arredi e quant`altro preso in custodia. Qualora i danni arrecati dovessero superare l\u2019importo versato a titolo di deposito cauzionale, il Cliente sar\u00e0 tenuto al risarcimento del maggior danno come documentato. Il deposito cauzionale, in considerazione della tipologia e durata del contratto, sar\u00e0 infruttifero e, in assenza di danni, verr\u00e0 restituito al termine del periodo di locazione ovvero nel termine di quattordici giorni.<\/p><p>m)Gli immobili vengono consegnati puliti ed in perfetto ordine. Le spese di pulizie sono a carico del proprietario ma il Cliente \u00e8 tenuto a lasciare l\u2019appartamento in adeguate condizioni igieniche. Le spese di pulizia, in ogni caso, non comprendono le pulizie dell\u2019angolo cottura e la rimozione della spazzatura e rifiuti in genere che sono sempre a carico del Cliente. In difetto di ci\u00f2, il proprietario o suo rappresentante potr\u00e0 addebitare al Cliente la spesa extra che sar\u00e0 dovuta al momento della partenza a titolo di risarcimento del danno (minimo 50 euro) da trattenere dalla cauzione, salvo maggior danno.<\/p><p>n)In caso di impossibilit\u00e0 sopravvenuta da parte del proprietario a garantire la locazione nel periodo prenotato al promissario conduttore sar\u00e0 cura della Propriet\u00e0 riproteggere il Cliente in un altro alloggio per prezzo equivalente o superiore a discrezione della Propriet\u00e0 stessa previo accordo con il promissario conduttore. In caso di mancato accordo la Propriet\u00e0 si impegna a rifondere interamente solo quanto versato dal promissario conduttore, a mezzo bonifico bancario sull\u2019IBAN che questi vorr\u00e0 indicare, senza ulteriore aggravio di spese a carico, neanche a titolo di risarcimento, della Propriet\u00e0.<\/p><p>o) Alla partenza del Cliente la mancata restituzione delle chiavi e\/o telecomandi comporter\u00e0 una penale a carico del cliente, a titolo di risarcimento, di euro 25 per mazzo di chiavi\/telecomando da trattenere sulla cauzione versata.<\/p><p>p)L\u2019immobile viene consegnato arredato e fornito di mobili, elettrodomestici e servizi come da inventario che, se presente e controfirmato dalle parti, \u00e8 da intendersi parte integrante del contratto di locazione. In assenza di inventario far\u00e0 fede la documentazione fotografica e la descrizione dei servizi e dotazione presente sul sito www.dreamsandelights.com ed in ogni caso nello stato in cui sono consegnati al Cliente, dovranno essere riconsegnati alla Propriet\u00e0.<\/p><p>q)Il Cliente si assume ogni responsabilit\u00e0 legata ad eventuali infortuni che possano accadere negli immobili di propriet\u00e0, loro pertinenze e spazi comuni a s\u00e9 e\/o ai propri coinquilini e\/o ospiti esonerando espressamente la Propriet\u00e0 da ogni responsabilit\u00e0. \u00c8 a carico della Propriet\u00e0 la responsabilit\u00e0 derivante da difetti strutturali che cagionino eventuali danne a cose o persone (es. cedimento di un muro o di una rampa delle scale, etc.). Nessuna responsabilit\u00e0 pu\u00f2 essere addebitata alla Propriet\u00e0 in caso di infortunio\/sinistro derivante da un uso improprio degli spazi, degli arredi e degli accessori della casa (es. infortunio dovuto all\u2019uso di sedie, tavoli, tavolini, arredi, letti, utensili da cucina, piatti, bicchieri, elettrodomestici, impianti ecc.).<\/p><p>r)Al fine di evitare successivi contenziosi e per poter concordare, sin da subito, l\u2019entit\u00e0 risarcitoria spettante al conduttore in caso di disfunzioni interessanti l\u2019immobile locato e\/o pertinenze nelle more della locazione, le parti concordano espressamente di far rinvio alla \u201cTabella di Francoforte\u201d per il calcolo degli eventuali rimborsi. Il conduttore con il ricevimento dell\u2019importo calcolato secondo i criteri stabiliti dalla suddetta tabella dichiara, sin da ora, pienamente soddisfatte le eventuali pretese risarcitorie rinunciando a qualsiasi importo aggiuntivo e\/o ulteriore.<\/p><p>s)Con la sottoscrizione della prenotazione e il pagamento della caparra\/anticipo il Cliente acconsente al trattamento, cessione e comunicazione dei suoi dati personali per finalit\u00e0 inerenti all\u2019attivit\u00e0 di locazione ed ogni altra attivit\u00e0 utile e necessaria in conformit\u00e0 alla normativa vigente come, a titolo esemplificativo ma non esaustivo, fornitori di servizi di terze parti, comunicazioni alle autorit\u00e0 di Pubblica Sicurezza, autorit\u00e0 Sanitarie, enti pubblici e privati, etc. La Propriet\u00e0 adotta procedure apposite per la salvaguardia dei dati forniti e la conservazione degli stessi avviene per il tempo ritenuto strettamente necessario all\u2019espletamento delle funzioni secondo la vigente normativa a tutela della riservatezza.<\/p><p>t)Per ogni eventuale controversia derivante dalla interpretazione, esecuzione ed efficacia del contratto sottoscritto inerente la locazione di uno degli immobili della Propriet\u00e0 sar\u00e0 competente esclusivamente il Foro di Lecce.<\/p>\t\t\t\t\t\t\t\t<\/div>\n\t\t\t\t<\/div>\n\t\t\t\t\t<\/div>\n\t\t<\/div>\n\t\t\t\t\t<\/div>\n\t\t<\/section>\n\t\t\t\t<\/div>","protected":false},"excerpt":{"rendered":"<p>CONDIZIONI GENERALI DI CONTRATTO La Propriet\u00e0 degli immobili posti in locazione breve e turistica \u00e8 qui rappresentata d Dreams and Delights di Cezza Daniela Maria: codice fiscale: CZZDLM78E66C978U, P.IVA: 03995400755 e di seguito denominata \u201cla Propriet\u00e0 o il proprietario\u201d Il Cliente (di seguito anche turista-ospite-conduttore), effettuando una prenotazione tramite il sito internet www.dreamsandelights.com ovvero altra [&hellip;]<\/p>\n","protected":false},"author":1,"featured_media":0,"parent":0,"menu_order":0,"comment_status":"closed","ping_status":"closed","template":"","meta":{"_joinchat":[],"footnotes":""},"class_list":["post-5638","page","type-page","status-publish","hentry","post-no-thumbnail"],"jetpack_sharing_enabled":true,"_links":{"self":[{"href":"https:\/\/www.dreamsandelights.com\/en\/wp-json\/wp\/v2\/pages\/5638","targetHints":{"allow":["GET"]}}],"collection":[{"href":"https:\/\/www.dreamsandelights.com\/en\/wp-json\/wp\/v2\/pages"}],"about":[{"href":"https:\/\/www.dreamsandelights.com\/en\/wp-json\/wp\/v2\/types\/page"}],"author":[{"embeddable":true,"href":"https:\/\/www.dreamsandelights.com\/en\/wp-json\/wp\/v2\/users\/1"}],"replies":[{"embeddable":true,"href":"https:\/\/www.dreamsandelights.com\/en\/wp-json\/wp\/v2\/comments?post=5638"}],"version-history":[{"count":0,"href":"https:\/\/www.dreamsandelights.com\/en\/wp-json\/wp\/v2\/pages\/5638\/revisions"}],"wp:attachment":[{"href":"https:\/\/www.dreamsandelights.com\/en\/wp-json\/wp\/v2\/media?parent=5638"}],"curies":[{"name":"wp","href":"https:\/\/api.w.org\/{rel}","templated":true}]}}